{"id":16,"date":"2020-12-31T16:49:50","date_gmt":"2020-12-31T15:49:50","guid":{"rendered":"http:\/\/nemesis.live\/?post_type=product&#038;p=16"},"modified":"2021-10-29T20:15:26","modified_gmt":"2021-10-29T18:15:26","slug":"instalacia-pripojenia-ftth","status":"publish","type":"product","link":"https:\/\/nemesis.live\/index.php\/product\/instalacia-pripojenia-ftth\/","title":{"rendered":"FTTH connection setup"},"content":{"rendered":"<p>Setting up a connection in the following villages.<\/p>\n<p>(Vinica, Lesenice, Chrastince, Opatovsk\u00e1 Nov\u00e1 Ves, Ve\u013ek\u00fd Krt\u00ed\u0161)<\/p>\n","protected":false},"excerpt":{"rendered":"<p>Setting up a connection in the following villages. (Vinica, Lesenice, Chrastince, Opatovsk\u00e1 Nov\u00e1 Ves, Ve\u013ek\u00fd Krt\u00ed\u0161)<\/p>\n","protected":false},"featured_media":17,"comment_status":"open","ping_status":"closed","template":"","meta":[],"_links":{"self":[{"href":"https:\/\/nemesis.live\/index.php\/wp-json\/wp\/v2\/product\/16"}],"collection":[{"href":"https:\/\/nemesis.live\/index.php\/wp-json\/wp\/v2\/product"}],"about":[{"href":"https:\/\/nemesis.live\/index.php\/wp-json\/wp\/v2\/types\/product"}],"replies":[{"embeddable":true,"href":"https:\/\/nemesis.live\/index.php\/wp-json\/wp\/v2\/comments?post=16"}],"wp:featuredmedia":[{"embeddable":true,"href":"https:\/\/nemesis.live\/index.php\/wp-json\/wp\/v2\/media\/17"}],"wp:attachment":[{"href":"https:\/\/nemesis.live\/index.php\/wp-json\/wp\/v2\/media?parent=16"}],"curies":[{"name":"wp","href":"https:\/\/api.w.org\/{rel}","templated":true}]}}