{"id":25,"date":"2021-10-29T20:16:09","date_gmt":"2021-10-29T18:16:09","guid":{"rendered":"https:\/\/nemesis.live\/?post_type=product&#038;p=25"},"modified":"2021-10-29T20:56:52","modified_gmt":"2021-10-29T18:56:52","slug":"wireless-connection-setup","status":"publish","type":"product","link":"https:\/\/nemesis.live\/index.php\/product\/wireless-connection-setup\/","title":{"rendered":"Wireless connection setup"},"content":{"rendered":"<p>Setting up a wireless connection (5GHz or 60GHz band) in the following villages.<\/p>\n<p>(Vinica, Lesenice, Chrastince, Opatovsk\u00e1 Nov\u00e1 Ves, Ve\u013ek\u00fd Krt\u00ed\u0161, Z\u00e1horce, Sele\u0161\u0165any, Slovensk\u00e9 \u010earmoty, etc)<\/p>\n","protected":false},"excerpt":{"rendered":"<p>Setting up a wireless connection (5GHz or 60GHz band) in the following villages. (Vinica, Lesenice, Chrastince, Opatovsk\u00e1 Nov\u00e1 Ves, Ve\u013ek\u00fd Krt\u00ed\u0161, Z\u00e1horce, Sele\u0161\u0165any, Slovensk\u00e9 \u010earmoty, etc)<\/p>\n","protected":false},"featured_media":26,"comment_status":"open","ping_status":"closed","template":"","meta":[],"_links":{"self":[{"href":"https:\/\/nemesis.live\/index.php\/wp-json\/wp\/v2\/product\/25"}],"collection":[{"href":"https:\/\/nemesis.live\/index.php\/wp-json\/wp\/v2\/product"}],"about":[{"href":"https:\/\/nemesis.live\/index.php\/wp-json\/wp\/v2\/types\/product"}],"replies":[{"embeddable":true,"href":"https:\/\/nemesis.live\/index.php\/wp-json\/wp\/v2\/comments?post=25"}],"wp:featuredmedia":[{"embeddable":true,"href":"https:\/\/nemesis.live\/index.php\/wp-json\/wp\/v2\/media\/26"}],"wp:attachment":[{"href":"https:\/\/nemesis.live\/index.php\/wp-json\/wp\/v2\/media?parent=25"}],"curies":[{"name":"wp","href":"https:\/\/api.w.org\/{rel}","templated":true}]}}